{"id":6457,"date":"2024-09-16T08:06:18","date_gmt":"2024-09-16T08:06:18","guid":{"rendered":"https:\/\/smile-provider.com\/?page_id=6457"},"modified":"2024-10-01T14:51:27","modified_gmt":"2024-10-01T14:51:27","slug":"lageplan","status":"publish","type":"page","link":"https:\/\/smile-provider.com\/de\/mappa-sito\/","title":{"rendered":"Lageplan"},"content":{"rendered":"\t\t<div data-elementor-type=\"wp-page\" data-elementor-id=\"6457\" class=\"elementor elementor-6457\">\n\t\t\t\t<div class=\"elementor-element elementor-element-cf029ca e-flex e-con-boxed e-con e-parent\" data-id=\"cf029ca\" data-element_type=\"container\">\n\t\t\t\t\t<div class=\"e-con-inner\">\n\t\t\t\t<div class=\"elementor-element elementor-element-fa5383e elementor-widget elementor-widget-spacer\" data-id=\"fa5383e\" data-element_type=\"widget\" data-widget_type=\"spacer.default\">\n\t\t\t\t<div class=\"elementor-widget-container\">\n\t\t\t<style>\/*! elementor - v3.21.0 - 15-04-2024 *\/\n.elementor-column .elementor-spacer-inner{height:var(--spacer-size)}.e-con{--container-widget-width:100%}.e-con-inner>.elementor-widget-spacer,.e-con>.elementor-widget-spacer{width:var(--container-widget-width,var(--spacer-size));--align-self:var(--container-widget-align-self,initial);--flex-shrink:0}.e-con-inner>.elementor-widget-spacer>.elementor-widget-container,.e-con>.elementor-widget-spacer>.elementor-widget-container{height:100%;width:100%}.e-con-inner>.elementor-widget-spacer>.elementor-widget-container>.elementor-spacer,.e-con>.elementor-widget-spacer>.elementor-widget-container>.elementor-spacer{height:100%}.e-con-inner>.elementor-widget-spacer>.elementor-widget-container>.elementor-spacer>.elementor-spacer-inner,.e-con>.elementor-widget-spacer>.elementor-widget-container>.elementor-spacer>.elementor-spacer-inner{height:var(--container-widget-height,var(--spacer-size))}.e-con-inner>.elementor-widget-spacer.elementor-widget-empty,.e-con>.elementor-widget-spacer.elementor-widget-empty{position:relative;min-height:22px;min-width:22px}.e-con-inner>.elementor-widget-spacer.elementor-widget-empty .elementor-widget-empty-icon,.e-con>.elementor-widget-spacer.elementor-widget-empty .elementor-widget-empty-icon{position:absolute;top:0;bottom:0;left:0;right:0;margin:auto;padding:0;width:22px;height:22px}<\/style>\t\t<div class=\"elementor-spacer\">\n\t\t\t<div class=\"elementor-spacer-inner\"><\/div>\n\t\t<\/div>\n\t\t\t\t<\/div>\n\t\t\t\t<\/div>\n\t\t\t\t\t<\/div>\n\t\t\t\t<\/div>\n\t\t\t\t<section class=\"elementor-section elementor-top-section elementor-element elementor-element-14d0a48 elementor-section-full_width elementor-section-content-middle elementor-section-height-default elementor-section-height-default\" data-id=\"14d0a48\" data-element_type=\"section\">\n\t\t\t\t\t\t<div class=\"elementor-container elementor-column-gap-wide\">\n\t\t\t\t\t<div class=\"elementor-column elementor-col-50 elementor-top-column elementor-element elementor-element-df61736\" data-id=\"df61736\" data-element_type=\"column\">\n\t\t\t<div class=\"elementor-widget-wrap elementor-element-populated\">\n\t\t\t\t\t\t<div class=\"elementor-element elementor-element-01476c1 elementor-widget elementor-widget-image\" data-id=\"01476c1\" data-element_type=\"widget\" data-widget_type=\"image.default\">\n\t\t\t\t<div class=\"elementor-widget-container\">\n\t\t\t<style>\/*! elementor - v3.21.0 - 15-04-2024 *\/\n.elementor-widget-image{text-align:center}.elementor-widget-image a{display:inline-block}.elementor-widget-image a img[src$=\".svg\"]{width:48px}.elementor-widget-image img{vertical-align:middle;display:inline-block}<\/style>\t\t\t\t\t\t\t\t\t\t<img fetchpriority=\"high\" decoding=\"async\" width=\"1024\" height=\"683\" src=\"https:\/\/smile-provider.com\/wp-content\/uploads\/2024\/03\/Y4A8299-scaled-1-1024x683.jpeg\" class=\"attachment-large size-large wp-image-3990\" alt=\"dentista in albania\" srcset=\"https:\/\/smile-provider.com\/wp-content\/uploads\/2024\/03\/Y4A8299-scaled-1-1024x683.jpeg 1024w, https:\/\/smile-provider.com\/wp-content\/uploads\/2024\/03\/Y4A8299-scaled-1-300x200.jpeg 300w, https:\/\/smile-provider.com\/wp-content\/uploads\/2024\/03\/Y4A8299-scaled-1-768x512.jpeg 768w, https:\/\/smile-provider.com\/wp-content\/uploads\/2024\/03\/Y4A8299-scaled-1-1536x1024.jpeg 1536w, https:\/\/smile-provider.com\/wp-content\/uploads\/2024\/03\/Y4A8299-scaled-1-2048x1366.jpeg 2048w, https:\/\/smile-provider.com\/wp-content\/uploads\/2024\/03\/Y4A8299-scaled-1-600x400.jpeg 600w\" sizes=\"(max-width: 1024px) 100vw, 1024px\" \/>\t\t\t\t\t\t\t\t\t\t\t\t\t<\/div>\n\t\t\t\t<\/div>\n\t\t\t\t\t<\/div>\n\t\t<\/div>\n\t\t\t\t<div class=\"elementor-column elementor-col-50 elementor-top-column elementor-element elementor-element-6aac172\" data-id=\"6aac172\" data-element_type=\"column\">\n\t\t\t<div class=\"elementor-widget-wrap elementor-element-populated\">\n\t\t\t\t\t\t<div class=\"elementor-element elementor-element-7629a71 elementor-widget elementor-widget-heading\" data-id=\"7629a71\" data-element_type=\"widget\" data-widget_type=\"heading.default\">\n\t\t\t\t<div class=\"elementor-widget-container\">\n\t\t\t<style>\/*! elementor - v3.21.0 - 15-04-2024 *\/\n.elementor-heading-title{padding:0;margin:0;line-height:1}.elementor-widget-heading .elementor-heading-title[class*=elementor-size-]>a{color:inherit;font-size:inherit;line-height:inherit}.elementor-widget-heading .elementor-heading-title.elementor-size-small{font-size:15px}.elementor-widget-heading .elementor-heading-title.elementor-size-medium{font-size:19px}.elementor-widget-heading .elementor-heading-title.elementor-size-large{font-size:29px}.elementor-widget-heading .elementor-heading-title.elementor-size-xl{font-size:39px}.elementor-widget-heading .elementor-heading-title.elementor-size-xxl{font-size:59px}<\/style><h2 class=\"anps-heading\" style='text-align: left;'><span class=\" anps-heading__text\" style=\"color: \">Smile - Provider<\/span><\/h2>\t\t<\/div>\n\t\t\t\t<\/div>\n\t\t\t\t<div class=\"elementor-element elementor-element-5a0d78a elementor-widget elementor-widget-text-editor\" data-id=\"5a0d78a\" data-element_type=\"widget\" data-widget_type=\"text-editor.default\">\n\t\t\t\t<div class=\"elementor-widget-container\">\n\t\t\t<style>\/*! elementor - v3.21.0 - 15-04-2024 *\/\n.elementor-widget-text-editor.elementor-drop-cap-view-stacked .elementor-drop-cap{background-color:#69727d;color:#fff}.elementor-widget-text-editor.elementor-drop-cap-view-framed .elementor-drop-cap{color:#69727d;border:3px solid;background-color:transparent}.elementor-widget-text-editor:not(.elementor-drop-cap-view-default) .elementor-drop-cap{margin-top:8px}.elementor-widget-text-editor:not(.elementor-drop-cap-view-default) .elementor-drop-cap-letter{width:1em;height:1em}.elementor-widget-text-editor .elementor-drop-cap{float:left;text-align:center;line-height:1;font-size:50px}.elementor-widget-text-editor .elementor-drop-cap-letter{display:inline-block}<\/style>\t\t\t\t<p>La nostra mappa del sito \u00e8 pensata per aiutarvi a navigare facilmente attraverso tutte le sezioni e le pagine principali di Smile-Provider.com. Qui troverete un elenco completo delle risorse disponibili, dai nostri servizi di assistenza e cura dentale, alle informazioni sui trattamenti personalizzati, fino alle aree dedicate ai pazienti e al blog informativo. Ogni link vi guider\u00e0 direttamente alle pagine corrispondenti, cos\u00ec potrete esplorare il nostro sito in modo semplice e veloce, trovando subito ci\u00f2 che vi interessa.<\/p>\t\t\t\t\t\t<\/div>\n\t\t\t\t<\/div>\n\t\t\t\t<div class=\"elementor-element elementor-element-6ddc739 elementor-widget elementor-widget-spacer\" data-id=\"6ddc739\" data-element_type=\"widget\" data-widget_type=\"spacer.default\">\n\t\t\t\t<div class=\"elementor-widget-container\">\n\t\t\t\t\t<div class=\"elementor-spacer\">\n\t\t\t<div class=\"elementor-spacer-inner\"><\/div>\n\t\t<\/div>\n\t\t\t\t<\/div>\n\t\t\t\t<\/div>\n\t\t\t\t\t<\/div>\n\t\t<\/div>\n\t\t\t\t\t<\/div>\n\t\t<\/section>\n\t\t\t\t<section class=\"elementor-section elementor-top-section elementor-element elementor-element-000bca9 elementor-section-boxed elementor-section-height-default elementor-section-height-default\" data-id=\"000bca9\" data-element_type=\"section\">\n\t\t\t\t\t\t<div class=\"elementor-container elementor-column-gap-default\">\n\t\t\t\t\t<div class=\"elementor-column elementor-col-100 elementor-top-column elementor-element elementor-element-c08e948\" data-id=\"c08e948\" data-element_type=\"column\">\n\t\t\t<div class=\"elementor-widget-wrap elementor-element-populated\">\n\t\t\t\t\t\t<div class=\"elementor-element elementor-element-f6df9b1 elementor-widget elementor-widget-spacer\" data-id=\"f6df9b1\" data-element_type=\"widget\" data-widget_type=\"spacer.default\">\n\t\t\t\t<div class=\"elementor-widget-container\">\n\t\t\t\t\t<div class=\"elementor-spacer\">\n\t\t\t<div class=\"elementor-spacer-inner\"><\/div>\n\t\t<\/div>\n\t\t\t\t<\/div>\n\t\t\t\t<\/div>\n\t\t\t\t<div class=\"elementor-element elementor-element-00ac250 elementor-widget elementor-widget-text-editor\" data-id=\"00ac250\" data-element_type=\"widget\" data-widget_type=\"text-editor.default\">\n\t\t\t\t<div class=\"elementor-widget-container\">\n\t\t\t\t\t\t\t<p><a href=\"https:\/\/smile-provider.com\/\">Clinica dentale Albania<\/a><\/p><p><a href=\"https:\/\/smile-provider.com\/chi-siamo\/\">Dentisti Albania<\/a><\/p><p><a href=\"https:\/\/smile-provider.com\/turismo-dentale\/\">Turismo dentale<\/a><\/p><p><a href=\"https:\/\/smile-provider.com\/impianti-dentali\/\">Impianti dentali<\/a><\/p><p><a href=\"https:\/\/smile-provider.com\/corone-dentali\/\">Corone dentali Albania<\/a><\/p><p><a href=\"https:\/\/smile-provider.com\/endodonzia\/\">Devitalizzazione denti e trattamenti canalari<\/a><\/p><p><a href=\"https:\/\/smile-provider.com\/ortodonzia\/\">Trattamenti Invisalign e correzione dentale in Albania<\/a><\/p><p><a href=\"https:\/\/smile-provider.com\/parodontologia\/\">Parodontologia<\/a><\/p><p><a href=\"https:\/\/smile-provider.com\/promozioni\/\">Promozioni trattamenti dentali Albania<\/a><\/p><p><a href=\"https:\/\/smile-provider.com\/blog\/\"><strong>BLOG<\/strong><\/a><\/p><p class=\"page-title\"><a href=\"https:\/\/smile-provider.com\/cure-parodontite-albania\/\">Cure parodontite Albania<\/a><\/p><p><a href=\"https:\/\/smile-provider.com\/allineatori-invisibili-vantaggi-costo-e-funzionamento\/\">Allineatori dentali invisibili costo e vantaggi<\/a><\/p><p><a href=\"https:\/\/smile-provider.com\/sbiancamento-dentale-in-albania\/\">Sbiancamento dentale in Albania<\/a><\/p><p>Testimonianze e recensioni<\/p>\t\t\t\t\t\t<\/div>\n\t\t\t\t<\/div>\n\t\t\t\t<section class=\"elementor-section elementor-inner-section elementor-element elementor-element-e7b230d anps-box-container__row elementor-section-full_width elementor-section-height-default elementor-section-height-default\" data-id=\"e7b230d\" data-element_type=\"section\">\n\t\t\t\t\t\t<div class=\"elementor-container elementor-column-gap-default\">\n\t\t\t\t\t<div class=\"elementor-column elementor-col-100 elementor-inner-column elementor-element elementor-element-ca55c80\" data-id=\"ca55c80\" data-element_type=\"column\">\n\t\t\t<div class=\"elementor-widget-wrap\">\n\t\t\t\t\t\t\t<\/div>\n\t\t<\/div>\n\t\t\t\t\t<\/div>\n\t\t<\/section>\n\t\t\t\t\t<\/div>\n\t\t<\/div>\n\t\t\t\t\t<\/div>\n\t\t<\/section>\n\t\t\t\t<section class=\"elementor-section elementor-top-section elementor-element elementor-element-20aea27 elementor-section-full_width elementor-section-height-default elementor-section-height-default\" data-id=\"20aea27\" data-element_type=\"section\">\n\t\t\t\t\t\t<div class=\"elementor-container elementor-column-gap-default\">\n\t\t\t\t\t<div class=\"elementor-column elementor-col-100 elementor-top-column elementor-element elementor-element-c3e432d\" data-id=\"c3e432d\" data-element_type=\"column\">\n\t\t\t<div class=\"elementor-widget-wrap\">\n\t\t\t\t\t\t\t<\/div>\n\t\t<\/div>\n\t\t\t\t\t<\/div>\n\t\t<\/section>\n\t\t\t\t<\/div>\n\t\t","protected":false},"excerpt":{"rendered":"<p>Smile &#8211; Provider La nostra mappa del sito \u00e8 pensata per aiutarvi a navigare facilmente attraverso tutte le sezioni e le pagine principali di Smile-Provider.com. Qui troverete un elenco completo delle risorse disponibili, dai nostri servizi di assistenza e cura &hellip;<\/p>","protected":false},"author":2,"featured_media":0,"parent":0,"menu_order":0,"comment_status":"closed","ping_status":"closed","template":"","meta":{"footnotes":""},"class_list":["post-6457","page","type-page","status-publish","hentry"],"yoast_head":"<!-- This site is optimized with the Yoast SEO plugin v25.7 - https:\/\/yoast.com\/wordpress\/plugins\/seo\/ -->\n<title>Mappa del sito | Visita Smile-Provider.com<\/title>\n<meta name=\"description\" content=\"Esplora la mappa del sito di Smile-Provider.com per trovare rapidamente servizi, informazioni su trattamenti e risorse utili.\" \/>\n<meta name=\"robots\" content=\"index, follow, max-snippet:-1, max-image-preview:large, max-video-preview:-1\" \/>\n<link rel=\"canonical\" href=\"https:\/\/smile-provider.com\/de\/lageplan\/\" \/>\n<meta property=\"og:locale\" content=\"de_DE\" \/>\n<meta property=\"og:type\" content=\"article\" \/>\n<meta property=\"og:title\" content=\"Mappa del sito | Visita Smile-Provider.com\" \/>\n<meta property=\"og:description\" content=\"Esplora la mappa del sito di Smile-Provider.com per trovare rapidamente servizi, informazioni su trattamenti e risorse utili.\" \/>\n<meta property=\"og:url\" content=\"https:\/\/smile-provider.com\/de\/lageplan\/\" \/>\n<meta property=\"og:site_name\" content=\"Smile Providers\" \/>\n<meta property=\"article:modified_time\" content=\"2024-10-01T14:51:27+00:00\" \/>\n<meta property=\"og:image\" content=\"https:\/\/smile-provider.com\/wp-content\/uploads\/2024\/03\/Y4A8299-scaled-1-1024x683.jpeg\" \/>\n<meta name=\"twitter:card\" content=\"summary_large_image\" \/>\n<meta name=\"twitter:label1\" content=\"Gesch\u00e4tzte Lesezeit\" \/>\n\t<meta name=\"twitter:data1\" content=\"1\u00a0Minute\" \/>\n<script type=\"application\/ld+json\" class=\"yoast-schema-graph\">{\"@context\":\"https:\/\/schema.org\",\"@graph\":[{\"@type\":\"WebPage\",\"@id\":\"https:\/\/smile-provider.com\/mappa-sito\/\",\"url\":\"https:\/\/smile-provider.com\/mappa-sito\/\",\"name\":\"Mappa del sito | Visita Smile-Provider.com\",\"isPartOf\":{\"@id\":\"https:\/\/smile-provider.com\/#website\"},\"primaryImageOfPage\":{\"@id\":\"https:\/\/smile-provider.com\/mappa-sito\/#primaryimage\"},\"image\":{\"@id\":\"https:\/\/smile-provider.com\/mappa-sito\/#primaryimage\"},\"thumbnailUrl\":\"https:\/\/smile-provider.com\/wp-content\/uploads\/2024\/03\/Y4A8299-scaled-1-1024x683.jpeg\",\"datePublished\":\"2024-09-16T08:06:18+00:00\",\"dateModified\":\"2024-10-01T14:51:27+00:00\",\"description\":\"Esplora la mappa del sito di Smile-Provider.com per trovare rapidamente servizi, informazioni su trattamenti e risorse utili.\",\"breadcrumb\":{\"@id\":\"https:\/\/smile-provider.com\/mappa-sito\/#breadcrumb\"},\"inLanguage\":\"de\",\"potentialAction\":[{\"@type\":\"ReadAction\",\"target\":[\"https:\/\/smile-provider.com\/mappa-sito\/\"]}]},{\"@type\":\"ImageObject\",\"inLanguage\":\"de\",\"@id\":\"https:\/\/smile-provider.com\/mappa-sito\/#primaryimage\",\"url\":\"https:\/\/smile-provider.com\/wp-content\/uploads\/2024\/03\/Y4A8299-scaled-1-1024x683.jpeg\",\"contentUrl\":\"https:\/\/smile-provider.com\/wp-content\/uploads\/2024\/03\/Y4A8299-scaled-1-1024x683.jpeg\"},{\"@type\":\"BreadcrumbList\",\"@id\":\"https:\/\/smile-provider.com\/mappa-sito\/#breadcrumb\",\"itemListElement\":[{\"@type\":\"ListItem\",\"position\":1,\"name\":\"Home\",\"item\":\"https:\/\/smile-provider.com\/\"},{\"@type\":\"ListItem\",\"position\":2,\"name\":\"Mappa sito\"}]},{\"@type\":\"WebSite\",\"@id\":\"https:\/\/smile-provider.com\/#website\",\"url\":\"https:\/\/smile-provider.com\/\",\"name\":\"SmileProvider\",\"description\":\"Clinica Dentale in Albania\",\"publisher\":{\"@id\":\"https:\/\/smile-provider.com\/#organization\"},\"potentialAction\":[{\"@type\":\"SearchAction\",\"target\":{\"@type\":\"EntryPoint\",\"urlTemplate\":\"https:\/\/smile-provider.com\/?s={search_term_string}\"},\"query-input\":{\"@type\":\"PropertyValueSpecification\",\"valueRequired\":true,\"valueName\":\"search_term_string\"}}],\"inLanguage\":\"de\"},{\"@type\":\"Organization\",\"@id\":\"https:\/\/smile-provider.com\/#organization\",\"name\":\"SmileProvider - clinica dentale Albania\",\"url\":\"https:\/\/smile-provider.com\/\",\"logo\":{\"@type\":\"ImageObject\",\"inLanguage\":\"de\",\"@id\":\"https:\/\/smile-provider.com\/#\/schema\/logo\/image\/\",\"url\":\"https:\/\/smile-provider.com\/wp-content\/uploads\/2024\/03\/cropped-cropped-Artboard-11-1-e1670495947138.png\",\"contentUrl\":\"https:\/\/smile-provider.com\/wp-content\/uploads\/2024\/03\/cropped-cropped-Artboard-11-1-e1670495947138.png\",\"width\":512,\"height\":512,\"caption\":\"SmileProvider - clinica dentale Albania\"},\"image\":{\"@id\":\"https:\/\/smile-provider.com\/#\/schema\/logo\/image\/\"}}]}<\/script>\n<!-- \/ Yoast SEO plugin. -->","yoast_head_json":{"title":"Website-Karte | Besuchen Sie Smile-Provider.com","description":"Erkunden Sie die Smile-Provider.com-Sitekarte, um schnell Dienstleistungen, Behandlungsinformationen und n\u00fctzliche Ressourcen zu finden.","robots":{"index":"index","follow":"follow","max-snippet":"max-snippet:-1","max-image-preview":"max-image-preview:large","max-video-preview":"max-video-preview:-1"},"canonical":"https:\/\/smile-provider.com\/de\/lageplan\/","og_locale":"de_DE","og_type":"article","og_title":"Mappa del sito | Visita Smile-Provider.com","og_description":"Esplora la mappa del sito di Smile-Provider.com per trovare rapidamente servizi, informazioni su trattamenti e risorse utili.","og_url":"https:\/\/smile-provider.com\/de\/lageplan\/","og_site_name":"Smile Providers","article_modified_time":"2024-10-01T14:51:27+00:00","og_image":[{"url":"https:\/\/smile-provider.com\/wp-content\/uploads\/2024\/03\/Y4A8299-scaled-1-1024x683.jpeg","type":"","width":"","height":""}],"twitter_card":"summary_large_image","twitter_misc":{"Gesch\u00e4tzte Lesezeit":"1\u00a0Minute"},"schema":{"@context":"https:\/\/schema.org","@graph":[{"@type":"WebPage","@id":"https:\/\/smile-provider.com\/mappa-sito\/","url":"https:\/\/smile-provider.com\/mappa-sito\/","name":"Website-Karte | Besuchen Sie Smile-Provider.com","isPartOf":{"@id":"https:\/\/smile-provider.com\/#website"},"primaryImageOfPage":{"@id":"https:\/\/smile-provider.com\/mappa-sito\/#primaryimage"},"image":{"@id":"https:\/\/smile-provider.com\/mappa-sito\/#primaryimage"},"thumbnailUrl":"https:\/\/smile-provider.com\/wp-content\/uploads\/2024\/03\/Y4A8299-scaled-1-1024x683.jpeg","datePublished":"2024-09-16T08:06:18+00:00","dateModified":"2024-10-01T14:51:27+00:00","description":"Erkunden Sie die Smile-Provider.com-Sitekarte, um schnell Dienstleistungen, Behandlungsinformationen und n\u00fctzliche Ressourcen zu finden.","breadcrumb":{"@id":"https:\/\/smile-provider.com\/mappa-sito\/#breadcrumb"},"inLanguage":"de","potentialAction":[{"@type":"ReadAction","target":["https:\/\/smile-provider.com\/mappa-sito\/"]}]},{"@type":"ImageObject","inLanguage":"de","@id":"https:\/\/smile-provider.com\/mappa-sito\/#primaryimage","url":"https:\/\/smile-provider.com\/wp-content\/uploads\/2024\/03\/Y4A8299-scaled-1-1024x683.jpeg","contentUrl":"https:\/\/smile-provider.com\/wp-content\/uploads\/2024\/03\/Y4A8299-scaled-1-1024x683.jpeg"},{"@type":"BreadcrumbList","@id":"https:\/\/smile-provider.com\/mappa-sito\/#breadcrumb","itemListElement":[{"@type":"ListItem","position":1,"name":"Home","item":"https:\/\/smile-provider.com\/"},{"@type":"ListItem","position":2,"name":"Mappa sito"}]},{"@type":"WebSite","@id":"https:\/\/smile-provider.com\/#website","url":"https:\/\/smile-provider.com\/","name":"SmileProvider","description":"Zahnklinik in Albanien","publisher":{"@id":"https:\/\/smile-provider.com\/#organization"},"potentialAction":[{"@type":"SearchAction","target":{"@type":"EntryPoint","urlTemplate":"https:\/\/smile-provider.com\/?s={search_term_string}"},"query-input":{"@type":"PropertyValueSpecification","valueRequired":true,"valueName":"search_term_string"}}],"inLanguage":"de"},{"@type":"Organization","@id":"https:\/\/smile-provider.com\/#organization","name":"SmileProvider - Zahnklinik Albanien","url":"https:\/\/smile-provider.com\/","logo":{"@type":"ImageObject","inLanguage":"de","@id":"https:\/\/smile-provider.com\/#\/schema\/logo\/image\/","url":"https:\/\/smile-provider.com\/wp-content\/uploads\/2024\/03\/cropped-cropped-Artboard-11-1-e1670495947138.png","contentUrl":"https:\/\/smile-provider.com\/wp-content\/uploads\/2024\/03\/cropped-cropped-Artboard-11-1-e1670495947138.png","width":512,"height":512,"caption":"SmileProvider - clinica dentale Albania"},"image":{"@id":"https:\/\/smile-provider.com\/#\/schema\/logo\/image\/"}}]}},"_links":{"self":[{"href":"https:\/\/smile-provider.com\/de\/wp-json\/wp\/v2\/pages\/6457","targetHints":{"allow":["GET"]}}],"collection":[{"href":"https:\/\/smile-provider.com\/de\/wp-json\/wp\/v2\/pages"}],"about":[{"href":"https:\/\/smile-provider.com\/de\/wp-json\/wp\/v2\/types\/page"}],"author":[{"embeddable":true,"href":"https:\/\/smile-provider.com\/de\/wp-json\/wp\/v2\/users\/2"}],"replies":[{"embeddable":true,"href":"https:\/\/smile-provider.com\/de\/wp-json\/wp\/v2\/comments?post=6457"}],"version-history":[{"count":44,"href":"https:\/\/smile-provider.com\/de\/wp-json\/wp\/v2\/pages\/6457\/revisions"}],"predecessor-version":[{"id":6674,"href":"https:\/\/smile-provider.com\/de\/wp-json\/wp\/v2\/pages\/6457\/revisions\/6674"}],"wp:attachment":[{"href":"https:\/\/smile-provider.com\/de\/wp-json\/wp\/v2\/media?parent=6457"}],"curies":[{"name":"wp","href":"https:\/\/api.w.org\/{rel}","templated":true}]}}